{"id":1006,"date":"2023-05-11T23:57:53","date_gmt":"2023-05-11T23:57:53","guid":{"rendered":"https:\/\/cateringsaboreslatinos.ch\/Al\/?page_id=1006"},"modified":"2023-12-22T16:53:30","modified_gmt":"2023-12-22T16:53:30","slug":"testimonios","status":"publish","type":"page","link":"https:\/\/cateringsaboreslatinos.ch\/Al\/testimonios\/","title":{"rendered":"Referenzen"},"content":{"rendered":"<p>[vc_row parallax=\u00bbcontent-moving\u00bb parallax_image=\u00bb977&#8243; wrap_container=\u00bbyes\u00bb css=\u00bb.vc_custom_1683860806065{margin-top: 50px !important;padding-top: 2.3076923077rem !important;padding-bottom: 2.3076923077rem !important;background-color: #ededed !important;}\u00bb][vc_column width=\u00bb5\/6&#8243; animation_delay=\u00bb300&#8243; el_class=\u00bbmx-auto mb-4&#8243; offset=\u00bbvc_col-lg-offset-1 vc_col-md-offset-1&#8243; animation_type=\u00bbfadeIn\u00bb]<div class=\"porto-testimonial wpb_content_element  px-0 px-md-4 mx-xl-3 my-3\"><div class=\"testimonial testimonial-style-4\"><div class=\"testimonial-author clearfix\"><div class=\"testimonial-author-thumbnail\"><img loading=\"lazy\" decoding=\"async\" class=\"img-responsive img-circle\" src=\"https:\/\/cateringsaboreslatinos.ch\/Al\/wp-content\/uploads\/2023\/04\/8e6b7138-6061-49fd-a8db-31a2efc8b595-150x150.jpeg\" alt=\"Friburgo-Suiza\" width=\"150\" height=\"150\"><\/div><p><strong style=\"color:rgba(150,150,150,0.6)\">Friburgo-Suiza<\/strong><span style=\"color:#111111\">Cecilia Bracher y Familia<\/span><\/p><\/div><div class=\"testimonial-arrow-down reversed\"><\/div><blockquote style=\"color:#212529\"><p>\n<p id=\"tw-target-text\" class=\"tw-data-text tw-text-large tw-ta\" dir=\"ltr\" style=\"text-align: justify;\" data-placeholder=\"Traducci\u00f3n\" data-ved=\"2ahUKEwj379KkuKODAxVOrIQIHdbKC84Q3ewLegQIChAQ\"><span class=\"Y2IQFc\" lang=\"de\">Vielen Dank, Marko, dass Sie uns durch Ihre hervorragenden Gerichte ein wenig von unserem geliebten Peru in der Schweiz sp\u00fcren und genie\u00dfen lassen. Jeder von ihnen wurde mit den besten Zutaten und mit dem \u201ehausgemachten\u201c Geschmack und den \u201ehausgemachten\u201c Gew\u00fcrzen zubereitet. Sie haben uns auf mehreren Familienveranstaltungen begleitet und wir waren immer sehr zufrieden mit der Servicequalit\u00e4t und Ihrer Verf\u00fcgbarkeit. Wir freuen uns sehr, dass Sie nach Freiburg kommen, um uns das Beste der typisch peruanischen und internationalen K\u00fcche zu unschlagbaren Preisen anzubieten. Herzlichen Gl\u00fcckwunsch, m\u00f6ge der Erfolg anhalten und wir werden weiterhin auf Sie z\u00e4hlen.<\/span><\/p>\n<p><\/p><\/blockquote><\/div><\/div><div class=\"porto-testimonial wpb_content_element  px-0 px-md-4 mx-xl-3 my-3\"><div class=\"testimonial testimonial-style-4\"><div class=\"testimonial-author clearfix\"><div class=\"testimonial-author-thumbnail\"><img loading=\"lazy\" decoding=\"async\" class=\"img-responsive img-circle\" src=\"https:\/\/cateringsaboreslatinos.ch\/Al\/wp-content\/uploads\/2023\/04\/ab90862f-92de-4909-a3ed-684cac4da030.jpeg\" alt=\"Kiwanis Club Belp-G\u00fcrbetal\" width=\"100\" height=\"100\"><\/div><p><strong style=\"color:rgba(150,150,150,0.6)\">Kiwanis Club Belp-G\u00fcrbetal<\/strong><span style=\"color:#111111\">Oliver Oezsari<\/span><\/p><\/div><div class=\"testimonial-arrow-down reversed\"><\/div><blockquote style=\"color:#212529\"><p>\n<p id=\"tw-target-text\" class=\"tw-data-text tw-text-large tw-ta\" dir=\"ltr\" style=\"text-align: justify;\" data-placeholder=\"Traducci\u00f3n\" data-ved=\"2ahUKEwj379KkuKODAxVOrIQIHdbKC84Q3ewLegQIChAQ\"><span class=\"Y2IQFc\" lang=\"de\">Neben der \u00fcblichen K\u00fcche bereiteten Sabores Latinos auch peruanische Spezialit\u00e4ten f\u00fcr uns zu und verw\u00f6hnten uns. Alle Gerichte waren frisch zubereitet und sehr lecker. Wir w\u00fcrden jederzeit wieder hier einen Auftrag f\u00fcr unseren Pr\u00e4sidenten- oder anderen Vereinsanlass vergeben.<\/span><\/p>\n<p><\/p><\/blockquote><\/div><\/div><div class=\"porto-testimonial wpb_content_element  px-0 px-md-4 mx-xl-3 my-3\"><div class=\"testimonial testimonial-style-4\"><div class=\"testimonial-author clearfix\"><div class=\"testimonial-author-thumbnail\"><img loading=\"lazy\" decoding=\"async\" class=\"img-responsive img-circle\" src=\"https:\/\/cateringsaboreslatinos.ch\/Al\/wp-content\/uploads\/2023\/12\/testimonio-150x150.jpeg\" alt=\"Berna Suiza\" width=\"150\" height=\"150\"><\/div><p><strong style=\"color:rgba(150,150,150,0.6)\">Berna Suiza<\/strong><span style=\"color:#111111\">Mar\u00eda Hunziker<\/span><\/p><\/div><div class=\"testimonial-arrow-down reversed\"><\/div><blockquote style=\"color:#212529\"><p>\n<p id=\"tw-target-text\" class=\"tw-data-text tw-text-large tw-ta\" dir=\"ltr\" style=\"text-align: justify;\" data-placeholder=\"Traducci\u00f3n\" data-ved=\"2ahUKEwj379KkuKODAxVOrIQIHdbKC84Q3ewLegQIChAQ\"><span class=\"Y2IQFc\" lang=\"de\">Ausgezeichnete Arbeit. Wir sind sehr zufrieden mit dem Service, den Marko Vega uns bietet. 100 % empfehlenswert, hochwertige und sehr zuverl\u00e4ssige Betreuung. Vielen Dank, Marko, dass du uns trotz der Entfernung von unserem Land in der Schweiz gute peruanische Produkte angeboten hast. Jedes Mal, wenn wir Ihre Dienste in Anspruch nehmen, entf\u00fchren Sie unsere Gaumen in verschiedene Teile der Welt. Ihre Gerichte sind k\u00f6stlich und gro\u00dfz\u00fcgig. Sowohl das Essen als auch der Kundenservice sind spektakul\u00e4r. Immer sehr freundlich, unterhaltsam und p\u00fcnktlich. Wie das Sprichwort sagt: \u201eEssen und mitnehmen.\u201c<\/span><\/p>\n<p><\/p><\/blockquote><\/div><\/div>[\/vc_column][\/vc_row][vc_row][vc_column][vc_empty_space height=\u00bb100px\u00bb][\/vc_column][\/vc_row][vc_row][vc_column][vc_column_text]<div class=\"porto-block\"><style>.vc_custom_1684500895414{margin-bottom: -50px !important;border-bottom-width: 0px !important;padding-bottom: 0px !important;background: #212529 url(https:\/\/cateringsaboreslatinos.ch\/Al\/wp-content\/uploads\/2023\/03\/fondo-alimentos.jpg?id=1303) !important;background-position: center !important;background-repeat: no-repeat !important;background-size: cover !important;}<\/style>[vc_section top_divider_type=\"custom\" top_divider_custom=\"JTNDc3ZnJTIwdmVyc2lvbiUzRCUyMjEuMSUyMiUyMHhtbG5zJTNEJTIyaHR0cCUzQSUyRiUyRnd3dy53My5vcmclMkYyMDAwJTJGc3ZnJTIyJTIweG1sbnMlM0F4bGluayUzRCUyMmh0dHAlM0ElMkYlMkZ3d3cudzMub3JnJTJGMTk5OSUyRnhsaW5rJTIyJTIweCUzRCUyMjBweCUyMiUyMHklM0QlMjIwcHglMjIlMjB2aWV3Qm94JTNEJTIyMCUyMDAlMjAxOTIwJTIwMTE2JTIyJTIwcHJlc2VydmVBc3BlY3RSYXRpbyUzRCUyMm5vbmUlMjIlM0UlM0NwYXRoJTIwZmlsbCUzRCUyMiUyM0ZGRiUyMiUyMGQlM0QlMjJNNDUzJTJDOTJjMTEuNy00Ljg3JTJDMjguNDYtMTEuNDMlMkM0OS0xOGM0Mi4yOS0xMy41MiUyQzc2LjM2LTE5LjMzJTJDMTE1LTI1YzUxLjU4LTcuNTclMkMxMDAuMjgtMTQuNzIlMkMxNzEtMjAlMjBjMjQuODctMS44NiUyQzgyLjg4LTUuNzYlMkMxNTgtNmM2OS45OS0wLjIzJTJDMTIyLjU0JTJDMi44MiUyQzE1OSUyQzVjNTEuMTglMkMzLjA2JTJDOTUuMTclMkM1LjY5JTJDMTU1JTJDMTRjNzEuNSUyQzkuOTQlMkMxMTUuNDIlMkMyMS4wMiUyQzEyNyUyQzI0JTIwYzMzLjclMkM4LjY4JTJDNjEuNjIlMkMxNy43OSUyQzgyJTJDMjVDMTEzMC4zMyUyQzkxLjMzJTJDNzkxLjY3JTJDOTEuNjclMkM0NTMlMkM5MnolMjIlM0UlM0MlMkZwYXRoJTNFJTIwJTNDcmVjdCUyMHklM0QlMjI5MCUyMiUyMGZpbGwlM0QlMjIlMjNGRkYlMjIlMjB3aWR0aCUzRCUyMjE5MjAlMjIlMjBoZWlnaHQlM0QlMjIyNiUyMiUzRSUzQyUyRnJlY3QlM0UlM0MlMkZzdmclM0U=\" top_divider_invert=\"true\" el_class=\"p-t-xlg p-b-xlg\" top_divider_height=\"116px\" conditional_render=\"%5B%7B%22value_role%22%3A%22administrator%22%7D%5D\" css=\".vc_custom_1684500895414{margin-bottom: -50px !important;border-bottom-width: 0px !important;padding-bottom: 0px !important;background: #212529 url(https:\/\/cateringsaboreslatinos.ch\/Al\/wp-content\/uploads\/2023\/03\/fondo-alimentos.jpg?id=1303) !important;background-position: center !important;background-repeat: no-repeat !important;background-size: cover !important;}\"][vc_row][vc_column][vc_empty_space height=\"120px\"][vc_single_image image=\"553\" img_size=\"full\" alignment=\"center\" onclick=\"custom_link\" animation_delay=\"300\" link=\"http:\/\/sw-themes.com\/porto_dummy\/\" animation_type=\"fadeIn\" el_class=\"mb-3\"][vc_column_text]\r\n<p style=\"text-align: center; color: white;\"><i class=\"porto-icon-phone-call\"><\/i>+41786009572<\/p>\r\n<p style=\"text-align: center; color: white;\"><i class=\"fas fa-check-circle\"><\/i>contacto@saboreslatinos.ch<\/p>\r\n<p style=\"text-align: center; color: white;\"><i class=\"porto-icon-map-location\"><\/i>Berna, Suiza<\/p>\r\n[\/vc_column_text][vc_custom_heading text=\"Sabores Latinos \u00a9 2023. Todos los Derechos Reservados\" font_container=\"tag:p|font_size:13.86px|text_align:center|color:%23ffffff\" use_theme_fonts=\"yes\" animation_delay=\"\" el_class=\"mb-0\"][vc_empty_space height=\"82px\"][\/vc_column][\/vc_row][\/vc_section]<\/div>[\/vc_column_text][\/vc_column][\/vc_row]<\/p>\n","protected":false},"excerpt":{"rendered":"<p>[vc_row parallax=\u00bbcontent-moving\u00bb parallax_image=\u00bb977&#8243; wrap_container=\u00bbyes\u00bb css=\u00bb.vc_custom_1683860806065{margin-top: 50px !important;padding-top: 2.3076923077rem !important;padding-bottom: 2.3076923077rem !important;background-color: #ededed !important;}\u00bb][vc_column width=\u00bb5\/6&#8243; animation_delay=\u00bb300&#8243; el_class=\u00bbmx-auto mb-4&#8243; offset=\u00bbvc_col-lg-offset-1 vc_col-md-offset-1&#8243; animation_type=\u00bbfadeIn\u00bb][\/vc_column][\/vc_row][vc_row][vc_column][vc_empty_space height=\u00bb100px\u00bb][\/vc_column][\/vc_row][vc_row][vc_column][vc_column_text][\/vc_column_text][\/vc_column][\/vc_row]<\/p>\n","protected":false},"author":1,"featured_media":0,"parent":0,"menu_order":0,"comment_status":"closed","ping_status":"closed","template":"","meta":{"_joinchat":[],"footnotes":""},"class_list":["post-1006","page","type-page","status-publish","hentry"],"yoast_head":"<!-- This site is optimized with the Yoast SEO plugin v22.8 - https:\/\/yoast.com\/wordpress\/plugins\/seo\/ -->\n<title>Referenzen - Sabores Latinos<\/title>\n<meta name=\"robots\" content=\"index, follow, max-snippet:-1, max-image-preview:large, max-video-preview:-1\" \/>\n<link rel=\"canonical\" href=\"https:\/\/cateringsaboreslatinos.ch\/Al\/testimonios\/\" \/>\n<meta property=\"og:locale\" content=\"es_ES\" \/>\n<meta property=\"og:type\" content=\"article\" \/>\n<meta property=\"og:title\" content=\"Referenzen - Sabores Latinos\" \/>\n<meta property=\"og:description\" content=\"[vc_row parallax=\u00bbcontent-moving\u00bb parallax_image=\u00bb977&#8243; wrap_container=\u00bbyes\u00bb css=\u00bb.vc_custom_1683860806065{margin-top: 50px !important;padding-top: 2.3076923077rem !important;padding-bottom: 2.3076923077rem !important;background-color: #ededed !important;}\u00bb][vc_column width=\u00bb5\/6&#8243; animation_delay=\u00bb300&#8243; el_class=\u00bbmx-auto mb-4&#8243; offset=\u00bbvc_col-lg-offset-1 vc_col-md-offset-1&#8243; animation_type=\u00bbfadeIn\u00bb][\/vc_column][\/vc_row][vc_row][vc_column][vc_empty_space height=\u00bb100px\u00bb][\/vc_column][\/vc_row][vc_row][vc_column][vc_column_text][\/vc_column_text][\/vc_column][\/vc_row]\" \/>\n<meta property=\"og:url\" content=\"https:\/\/cateringsaboreslatinos.ch\/Al\/testimonios\/\" \/>\n<meta property=\"og:site_name\" content=\"Sabores Latinos\" \/>\n<meta property=\"article:modified_time\" content=\"2023-12-22T16:53:30+00:00\" \/>\n<meta name=\"twitter:card\" content=\"summary_large_image\" \/>\n<meta name=\"twitter:label1\" content=\"Tiempo de lectura\" \/>\n\t<meta name=\"twitter:data1\" content=\"2 minutos\" \/>\n<script type=\"application\/ld+json\" class=\"yoast-schema-graph\">{\"@context\":\"https:\/\/schema.org\",\"@graph\":[{\"@type\":\"WebPage\",\"@id\":\"https:\/\/cateringsaboreslatinos.ch\/Al\/testimonios\/\",\"url\":\"https:\/\/cateringsaboreslatinos.ch\/Al\/testimonios\/\",\"name\":\"Referenzen - Sabores Latinos\",\"isPartOf\":{\"@id\":\"https:\/\/cateringsaboreslatinos.ch\/Al\/#website\"},\"datePublished\":\"2023-05-11T23:57:53+00:00\",\"dateModified\":\"2023-12-22T16:53:30+00:00\",\"breadcrumb\":{\"@id\":\"https:\/\/cateringsaboreslatinos.ch\/Al\/testimonios\/#breadcrumb\"},\"inLanguage\":\"es\",\"potentialAction\":[{\"@type\":\"ReadAction\",\"target\":[\"https:\/\/cateringsaboreslatinos.ch\/Al\/testimonios\/\"]}]},{\"@type\":\"BreadcrumbList\",\"@id\":\"https:\/\/cateringsaboreslatinos.ch\/Al\/testimonios\/#breadcrumb\",\"itemListElement\":[{\"@type\":\"ListItem\",\"position\":1,\"name\":\"Portada\",\"item\":\"https:\/\/cateringsaboreslatinos.ch\/Al\/\"},{\"@type\":\"ListItem\",\"position\":2,\"name\":\"Referenzen\"}]},{\"@type\":\"WebSite\",\"@id\":\"https:\/\/cateringsaboreslatinos.ch\/Al\/#website\",\"url\":\"https:\/\/cateringsaboreslatinos.ch\/Al\/\",\"name\":\"Sabores Latinos\",\"description\":\"Nuestro Sabor Marca la Diferencia\",\"potentialAction\":[{\"@type\":\"SearchAction\",\"target\":{\"@type\":\"EntryPoint\",\"urlTemplate\":\"https:\/\/cateringsaboreslatinos.ch\/Al\/?s={search_term_string}\"},\"query-input\":\"required name=search_term_string\"}],\"inLanguage\":\"es\"}]}<\/script>\n<!-- \/ Yoast SEO plugin. -->","yoast_head_json":{"title":"Referenzen - Sabores Latinos","robots":{"index":"index","follow":"follow","max-snippet":"max-snippet:-1","max-image-preview":"max-image-preview:large","max-video-preview":"max-video-preview:-1"},"canonical":"https:\/\/cateringsaboreslatinos.ch\/Al\/testimonios\/","og_locale":"es_ES","og_type":"article","og_title":"Referenzen - Sabores Latinos","og_description":"[vc_row parallax=\u00bbcontent-moving\u00bb parallax_image=\u00bb977&#8243; wrap_container=\u00bbyes\u00bb css=\u00bb.vc_custom_1683860806065{margin-top: 50px !important;padding-top: 2.3076923077rem !important;padding-bottom: 2.3076923077rem !important;background-color: #ededed !important;}\u00bb][vc_column width=\u00bb5\/6&#8243; animation_delay=\u00bb300&#8243; el_class=\u00bbmx-auto mb-4&#8243; offset=\u00bbvc_col-lg-offset-1 vc_col-md-offset-1&#8243; animation_type=\u00bbfadeIn\u00bb][\/vc_column][\/vc_row][vc_row][vc_column][vc_empty_space height=\u00bb100px\u00bb][\/vc_column][\/vc_row][vc_row][vc_column][vc_column_text][\/vc_column_text][\/vc_column][\/vc_row]","og_url":"https:\/\/cateringsaboreslatinos.ch\/Al\/testimonios\/","og_site_name":"Sabores Latinos","article_modified_time":"2023-12-22T16:53:30+00:00","twitter_card":"summary_large_image","twitter_misc":{"Tiempo de lectura":"2 minutos"},"schema":{"@context":"https:\/\/schema.org","@graph":[{"@type":"WebPage","@id":"https:\/\/cateringsaboreslatinos.ch\/Al\/testimonios\/","url":"https:\/\/cateringsaboreslatinos.ch\/Al\/testimonios\/","name":"Referenzen - Sabores Latinos","isPartOf":{"@id":"https:\/\/cateringsaboreslatinos.ch\/Al\/#website"},"datePublished":"2023-05-11T23:57:53+00:00","dateModified":"2023-12-22T16:53:30+00:00","breadcrumb":{"@id":"https:\/\/cateringsaboreslatinos.ch\/Al\/testimonios\/#breadcrumb"},"inLanguage":"es","potentialAction":[{"@type":"ReadAction","target":["https:\/\/cateringsaboreslatinos.ch\/Al\/testimonios\/"]}]},{"@type":"BreadcrumbList","@id":"https:\/\/cateringsaboreslatinos.ch\/Al\/testimonios\/#breadcrumb","itemListElement":[{"@type":"ListItem","position":1,"name":"Portada","item":"https:\/\/cateringsaboreslatinos.ch\/Al\/"},{"@type":"ListItem","position":2,"name":"Referenzen"}]},{"@type":"WebSite","@id":"https:\/\/cateringsaboreslatinos.ch\/Al\/#website","url":"https:\/\/cateringsaboreslatinos.ch\/Al\/","name":"Sabores Latinos","description":"Nuestro Sabor Marca la Diferencia","potentialAction":[{"@type":"SearchAction","target":{"@type":"EntryPoint","urlTemplate":"https:\/\/cateringsaboreslatinos.ch\/Al\/?s={search_term_string}"},"query-input":"required name=search_term_string"}],"inLanguage":"es"}]}},"_links":{"self":[{"href":"https:\/\/cateringsaboreslatinos.ch\/Al\/wp-json\/wp\/v2\/pages\/1006","targetHints":{"allow":["GET"]}}],"collection":[{"href":"https:\/\/cateringsaboreslatinos.ch\/Al\/wp-json\/wp\/v2\/pages"}],"about":[{"href":"https:\/\/cateringsaboreslatinos.ch\/Al\/wp-json\/wp\/v2\/types\/page"}],"author":[{"embeddable":true,"href":"https:\/\/cateringsaboreslatinos.ch\/Al\/wp-json\/wp\/v2\/users\/1"}],"replies":[{"embeddable":true,"href":"https:\/\/cateringsaboreslatinos.ch\/Al\/wp-json\/wp\/v2\/comments?post=1006"}],"version-history":[{"count":22,"href":"https:\/\/cateringsaboreslatinos.ch\/Al\/wp-json\/wp\/v2\/pages\/1006\/revisions"}],"predecessor-version":[{"id":1561,"href":"https:\/\/cateringsaboreslatinos.ch\/Al\/wp-json\/wp\/v2\/pages\/1006\/revisions\/1561"}],"wp:attachment":[{"href":"https:\/\/cateringsaboreslatinos.ch\/Al\/wp-json\/wp\/v2\/media?parent=1006"}],"curies":[{"name":"wp","href":"https:\/\/api.w.org\/{rel}","templated":true}]}}